{"id":19,"date":"2025-10-16T15:13:08","date_gmt":"2025-10-16T13:13:08","guid":{"rendered":"https:\/\/sytec2025.crittm2a.com\/?page_id=19"},"modified":"2025-10-17T09:37:14","modified_gmt":"2025-10-17T07:37:14","slug":"visionnez-la-table-ronde","status":"publish","type":"page","link":"https:\/\/sytec2025.crittm2a.com\/?page_id=19","title":{"rendered":"Visionnez la table ronde"},"content":{"rendered":"\n<figure class=\"wp-block-embed is-type-video is-provider-youtube wp-block-embed-youtube wp-embed-aspect-16-9 wp-has-aspect-ratio\"><div class=\"wp-block-embed__wrapper\">\n<iframe loading=\"lazy\" title=\"&quot;Plongez au c\u0153ur de l&#039;innovation : D\u00e9couvrez la derni\u00e8re vid\u00e9o du CRITT M2A !&quot;\" width=\"800\" height=\"450\" src=\"https:\/\/www.youtube.com\/embed\/PHHgv55LTXg?feature=oembed\" frameborder=\"0\" allow=\"accelerometer; autoplay; clipboard-write; encrypted-media; gyroscope; picture-in-picture; web-share\" referrerpolicy=\"strict-origin-when-cross-origin\" allowfullscreen><\/iframe>\n<\/div><\/figure>\n","protected":false},"excerpt":{"rendered":"","protected":false},"author":2,"featured_media":0,"parent":0,"menu_order":0,"comment_status":"closed","ping_status":"closed","template":"","meta":{"footnotes":""},"class_list":["post-19","page","type-page","status-publish","hentry"],"_links":{"self":[{"href":"https:\/\/sytec2025.crittm2a.com\/index.php?rest_route=\/wp\/v2\/pages\/19","targetHints":{"allow":["GET"]}}],"collection":[{"href":"https:\/\/sytec2025.crittm2a.com\/index.php?rest_route=\/wp\/v2\/pages"}],"about":[{"href":"https:\/\/sytec2025.crittm2a.com\/index.php?rest_route=\/wp\/v2\/types\/page"}],"author":[{"embeddable":true,"href":"https:\/\/sytec2025.crittm2a.com\/index.php?rest_route=\/wp\/v2\/users\/2"}],"replies":[{"embeddable":true,"href":"https:\/\/sytec2025.crittm2a.com\/index.php?rest_route=%2Fwp%2Fv2%2Fcomments&post=19"}],"version-history":[{"count":3,"href":"https:\/\/sytec2025.crittm2a.com\/index.php?rest_route=\/wp\/v2\/pages\/19\/revisions"}],"predecessor-version":[{"id":107,"href":"https:\/\/sytec2025.crittm2a.com\/index.php?rest_route=\/wp\/v2\/pages\/19\/revisions\/107"}],"wp:attachment":[{"href":"https:\/\/sytec2025.crittm2a.com\/index.php?rest_route=%2Fwp%2Fv2%2Fmedia&parent=19"}],"curies":[{"name":"wp","href":"https:\/\/api.w.org\/{rel}","templated":true}]}}