{"id":38,"date":"2025-10-16T15:15:26","date_gmt":"2025-10-16T13:15:26","guid":{"rendered":"https:\/\/sytec2025.crittm2a.com\/?page_id=38"},"modified":"2025-10-24T13:25:30","modified_gmt":"2025-10-24T11:25:30","slug":"telechargez-les-presentations-du-sytec","status":"publish","type":"page","link":"https:\/\/sytec2025.crittm2a.com\/?page_id=38","title":{"rendered":"T\u00e9l\u00e9chargez les pr\u00e9sentations du SYTEC"},"content":{"rendered":"\n<div class=\"wp-block-media-text is-stacked-on-mobile\" style=\"grid-template-columns:16% auto\"><figure class=\"wp-block-media-text__media\"><a href=\"https:\/\/sytec2025.crittm2a.com\/wp-content\/uploads\/2025\/10\/251007-Verkor-Presentation-Critt.pdf\" target=\"_blank\" rel=\" noreferrer noopener\"><img loading=\"lazy\" decoding=\"async\" width=\"200\" height=\"200\" src=\"https:\/\/sytec2025.crittm2a.com\/wp-content\/uploads\/2025\/10\/download5.png\" alt=\"\" class=\"wp-image-304 size-thumbnail\" srcset=\"https:\/\/sytec2025.crittm2a.com\/wp-content\/uploads\/2025\/10\/download5.png 200w, https:\/\/sytec2025.crittm2a.com\/wp-content\/uploads\/2025\/10\/download5-150x150.png 150w\" sizes=\"auto, (max-width: 200px) 100vw, 200px\" \/><\/a><\/figure><div class=\"wp-block-media-text__content\">\n<p class=\"has-white-color has-text-color has-background has-link-color wp-elements-99559260161851032748e0b886bbe846\" style=\"background:linear-gradient(135deg,rgb(35,74,131) 0%,rgb(35,74,131) 50%,rgb(35,74,131) 100%);font-size:18px;font-style:normal;font-weight:400;text-decoration:none;text-transform:none\"><strong>Verkor &#8211; keynote<\/strong><\/p>\n<\/div><\/div>\n\n\n\n<div class=\"wp-block-media-text is-stacked-on-mobile\" style=\"grid-template-columns:16% auto\"><figure class=\"wp-block-media-text__media\"><a href=\"https:\/\/sytec2025.crittm2a.com\/wp-content\/uploads\/2025\/10\/recybat.pdf\" target=\"_blank\" rel=\" noreferrer noopener\"><img loading=\"lazy\" decoding=\"async\" width=\"200\" height=\"200\" src=\"https:\/\/sytec2025.crittm2a.com\/wp-content\/uploads\/2025\/10\/download5.png\" alt=\"\" class=\"wp-image-304 size-thumbnail\" srcset=\"https:\/\/sytec2025.crittm2a.com\/wp-content\/uploads\/2025\/10\/download5.png 200w, https:\/\/sytec2025.crittm2a.com\/wp-content\/uploads\/2025\/10\/download5-150x150.png 150w\" sizes=\"auto, (max-width: 200px) 100vw, 200px\" \/><\/a><\/figure><div class=\"wp-block-media-text__content\">\n<p class=\"has-white-color has-text-color has-background has-link-color wp-elements-753dadcaf54063ae8c8aa418032d28fa\" style=\"background:linear-gradient(135deg,rgb(35,74,131) 0%,rgb(35,74,131) 50%,rgb(35,74,131) 100%);font-size:18px\"><strong><strong>Projet RECYBAT &#8211; Plateforme d&rsquo;expertise pour la seconde vie des batteries <\/strong><\/strong><\/p>\n<\/div><\/div>\n\n\n\n<div class=\"wp-block-media-text is-stacked-on-mobile\" style=\"grid-template-columns:16% auto\"><figure class=\"wp-block-media-text__media\"><a href=\"https:\/\/sytec2025.crittm2a.com\/wp-content\/uploads\/2025\/10\/nogebat.pdf\" target=\"_blank\" rel=\" noreferrer noopener\"><img loading=\"lazy\" decoding=\"async\" width=\"200\" height=\"200\" src=\"https:\/\/sytec2025.crittm2a.com\/wp-content\/uploads\/2025\/10\/download5.png\" alt=\"\" class=\"wp-image-304 size-thumbnail\" srcset=\"https:\/\/sytec2025.crittm2a.com\/wp-content\/uploads\/2025\/10\/download5.png 200w, https:\/\/sytec2025.crittm2a.com\/wp-content\/uploads\/2025\/10\/download5-150x150.png 150w\" sizes=\"auto, (max-width: 200px) 100vw, 200px\" \/><\/a><\/figure><div class=\"wp-block-media-text__content\">\n<p class=\"has-white-color has-text-color has-background has-link-color wp-elements-fc88cad59b93bebed1948a1857fa3182\" style=\"background:linear-gradient(135deg,rgb(35,74,131) 0%,rgb(35,74,131) 50%,rgb(35,74,131) 100%);font-size:18px;font-style:normal;font-weight:400;text-decoration:none;text-transform:none\"><strong><strong>NOGEBAT &#8211; Plateforme d\u2019exp\u00e9rimentation : Extension et nouveaux moyens d\u2019essais pour le d\u00e9veloppement de nouvelles g\u00e9n\u00e9rations de batteries <\/strong><\/strong><\/p>\n<\/div><\/div>\n\n\n\n<div class=\"wp-block-media-text is-stacked-on-mobile\" style=\"grid-template-columns:16% auto\"><figure class=\"wp-block-media-text__media\"><a href=\"https:\/\/sytec2025.crittm2a.com\/wp-content\/uploads\/2025\/10\/onduleur.pdf\" target=\"_blank\" rel=\" noreferrer noopener\"><img loading=\"lazy\" decoding=\"async\" width=\"200\" height=\"200\" src=\"https:\/\/sytec2025.crittm2a.com\/wp-content\/uploads\/2025\/10\/download5.png\" alt=\"\" class=\"wp-image-304 size-thumbnail\" srcset=\"https:\/\/sytec2025.crittm2a.com\/wp-content\/uploads\/2025\/10\/download5.png 200w, https:\/\/sytec2025.crittm2a.com\/wp-content\/uploads\/2025\/10\/download5-150x150.png 150w\" sizes=\"auto, (max-width: 200px) 100vw, 200px\" \/><\/a><\/figure><div class=\"wp-block-media-text__content\">\n<p class=\"has-white-color has-text-color has-background has-link-color wp-elements-691f8503cc73cb98ca189b02aac0963f\" style=\"background:linear-gradient(135deg,rgb(35,74,131) 0%,rgb(35,74,131) 50%,rgb(35,74,131) 100%);font-size:18px;font-style:normal;font-weight:400;text-decoration:none;text-transform:none\"><strong><strong><strong>Test &amp; Validation des Onduleurs Nouvelle G\u00e9n\u00e9ration : Vers des architectures \u00e9nerg\u00e9tiques plus robustes<\/strong> <\/strong><\/strong><\/p>\n<\/div><\/div>\n\n\n\n<div class=\"wp-block-media-text is-stacked-on-mobile\" style=\"grid-template-columns:16% auto\"><figure class=\"wp-block-media-text__media\"><a href=\"https:\/\/sytec2025.crittm2a.com\/wp-content\/uploads\/2025\/10\/chimie-batteries.pdf\" target=\"_blank\" rel=\" noreferrer noopener\"><img loading=\"lazy\" decoding=\"async\" width=\"200\" height=\"200\" src=\"https:\/\/sytec2025.crittm2a.com\/wp-content\/uploads\/2025\/10\/download5.png\" alt=\"\" class=\"wp-image-304 size-thumbnail\" srcset=\"https:\/\/sytec2025.crittm2a.com\/wp-content\/uploads\/2025\/10\/download5.png 200w, https:\/\/sytec2025.crittm2a.com\/wp-content\/uploads\/2025\/10\/download5-150x150.png 150w\" sizes=\"auto, (max-width: 200px) 100vw, 200px\" \/><\/a><\/figure><div class=\"wp-block-media-text__content\">\n<p class=\"has-white-color has-text-color has-background has-link-color wp-elements-9826b07c22ca452744b2bef54212655a\" style=\"background:linear-gradient(135deg,rgb(35,74,131) 0%,rgb(35,74,131) 50%,rgb(35,74,131) 100%);font-size:18px;font-style:normal;font-weight:400;text-decoration:none;text-transform:none\"><strong><strong><strong><strong>Chimie des batteries &#8211; Etat de l\u2019art des technologies<\/strong><\/strong><\/strong><\/strong><\/p>\n<\/div><\/div>\n\n\n\n<div class=\"wp-block-media-text is-stacked-on-mobile\" style=\"grid-template-columns:16% auto\"><figure class=\"wp-block-media-text__media\"><a href=\"https:\/\/sytec2025.crittm2a.com\/wp-content\/uploads\/2025\/10\/critt-lcie.pdf\" target=\"_blank\" rel=\" noreferrer noopener\"><img loading=\"lazy\" decoding=\"async\" width=\"200\" height=\"200\" src=\"https:\/\/sytec2025.crittm2a.com\/wp-content\/uploads\/2025\/10\/download5.png\" alt=\"\" class=\"wp-image-304 size-thumbnail\" srcset=\"https:\/\/sytec2025.crittm2a.com\/wp-content\/uploads\/2025\/10\/download5.png 200w, https:\/\/sytec2025.crittm2a.com\/wp-content\/uploads\/2025\/10\/download5-150x150.png 150w\" sizes=\"auto, (max-width: 200px) 100vw, 200px\" \/><\/a><\/figure><div class=\"wp-block-media-text__content\">\n<p class=\"has-white-color has-text-color has-background has-link-color wp-elements-c8dec7c4c12b89fc87c20ba942e73441\" style=\"background:linear-gradient(135deg,rgb(35,74,131) 0%,rgb(35,74,131) 50%,rgb(35,74,131) 100%);font-size:18px;font-style:normal;font-weight:400;text-decoration:none;text-transform:none\"><strong><strong><strong><strong><strong>Essais abusifs de batteries : m\u00e9thodes, normes et perspectives d\u2019homologation<\/strong><\/strong><\/strong><\/strong><\/strong><\/p>\n<\/div><\/div>\n\n\n\n<div class=\"wp-block-media-text is-stacked-on-mobile\" style=\"grid-template-columns:16% auto\"><figure class=\"wp-block-media-text__media\"><a href=\"https:\/\/sytec2025.crittm2a.com\/wp-content\/uploads\/2025\/10\/vitess.pdf\" target=\"_blank\" rel=\" noreferrer noopener\"><img loading=\"lazy\" decoding=\"async\" width=\"200\" height=\"200\" src=\"https:\/\/sytec2025.crittm2a.com\/wp-content\/uploads\/2025\/10\/download5.png\" alt=\"\" class=\"wp-image-304 size-thumbnail\" srcset=\"https:\/\/sytec2025.crittm2a.com\/wp-content\/uploads\/2025\/10\/download5.png 200w, https:\/\/sytec2025.crittm2a.com\/wp-content\/uploads\/2025\/10\/download5-150x150.png 150w\" sizes=\"auto, (max-width: 200px) 100vw, 200px\" \/><\/a><\/figure><div class=\"wp-block-media-text__content\">\n<p class=\"has-white-color has-text-color has-background has-link-color wp-elements-feb231093afe069094f25a1654c63072\" style=\"background:linear-gradient(135deg,rgb(35,74,131) 0%,rgb(35,74,131) 50%,rgb(35,74,131) 100%);font-size:18px;font-style:normal;font-weight:400;text-decoration:none;text-transform:none\"><strong><strong><strong><strong><strong><strong>Projet VITESS : D\u00e9veloppement d\u2019une plateforme d\u2019essais batteries num\u00e9riques bas\u00e9e sur un mod\u00e8le multiphysiques<\/strong><\/strong><\/strong><\/strong><\/strong><\/strong><\/p>\n<\/div><\/div>\n\n\n\n<div class=\"wp-block-media-text is-stacked-on-mobile\" style=\"grid-template-columns:16% auto\"><figure class=\"wp-block-media-text__media\"><a href=\"https:\/\/sytec2025.crittm2a.com\/wp-content\/uploads\/2025\/10\/ia.pdf\" target=\"_blank\" rel=\" noreferrer noopener\"><img loading=\"lazy\" decoding=\"async\" width=\"200\" height=\"200\" src=\"https:\/\/sytec2025.crittm2a.com\/wp-content\/uploads\/2025\/10\/download5.png\" alt=\"\" class=\"wp-image-304 size-thumbnail\" srcset=\"https:\/\/sytec2025.crittm2a.com\/wp-content\/uploads\/2025\/10\/download5.png 200w, https:\/\/sytec2025.crittm2a.com\/wp-content\/uploads\/2025\/10\/download5-150x150.png 150w\" sizes=\"auto, (max-width: 200px) 100vw, 200px\" \/><\/a><\/figure><div class=\"wp-block-media-text__content\">\n<p class=\"has-white-color has-text-color has-background has-link-color wp-elements-0c19e443933aff6dfde6336e01c1bdc7\" style=\"background:linear-gradient(135deg,rgb(35,74,131) 0%,rgb(35,74,131) 50%,rgb(35,74,131) 100%);font-size:18px;font-style:normal;font-weight:400;text-decoration:none;text-transform:none\"><strong><strong><strong><strong><strong><strong><strong>L\u2019IA appliqu\u00e9e \u00e0 une PME et un centre d\u2019essais<\/strong><\/strong><\/strong><\/strong><\/strong><\/strong><\/strong><\/p>\n<\/div><\/div>\n\n\n\n<div class=\"wp-block-media-text is-stacked-on-mobile\" style=\"grid-template-columns:16% auto\"><figure class=\"wp-block-media-text__media\"><a href=\"https:\/\/sytec2025.crittm2a.com\/wp-content\/uploads\/2025\/10\/verkor.pdf\" target=\"_blank\" rel=\" noreferrer noopener\"><img loading=\"lazy\" decoding=\"async\" width=\"200\" height=\"200\" src=\"https:\/\/sytec2025.crittm2a.com\/wp-content\/uploads\/2025\/10\/download5.png\" alt=\"\" class=\"wp-image-304 size-thumbnail\" srcset=\"https:\/\/sytec2025.crittm2a.com\/wp-content\/uploads\/2025\/10\/download5.png 200w, https:\/\/sytec2025.crittm2a.com\/wp-content\/uploads\/2025\/10\/download5-150x150.png 150w\" sizes=\"auto, (max-width: 200px) 100vw, 200px\" \/><\/a><\/figure><div class=\"wp-block-media-text__content\">\n<p class=\"has-white-color has-luminous-vivid-orange-background-color has-text-color has-background has-link-color wp-elements-c9e14056931bcf2923237194f14a8cf5\" style=\"font-size:18px;font-style:normal;font-weight:400;text-decoration:none;text-transform:none\"><strong><strong><strong><strong><strong><strong><strong><strong>TELECHARGEZ L&rsquo;ENSEMBLE DES PRESENTATIONS<\/strong><\/strong><\/strong><\/strong><\/strong><\/strong><\/strong><\/strong><\/p>\n<\/div><\/div>\n\n\n\n<p class=\"has-small-font-size\"><\/p>\n\n\n\n<p><\/p>\n","protected":false},"excerpt":{"rendered":"<p>Verkor &#8211; keynote Projet RECYBAT &#8211; Plateforme d&rsquo;expertise pour la seconde vie des batteries NOGEBAT &#8211; Plateforme d\u2019exp\u00e9rimentation : Extension et nouveaux moyens d\u2019essais pour le d\u00e9veloppement de nouvelles g\u00e9n\u00e9rations &#8230;<\/p>\n","protected":false},"author":2,"featured_media":0,"parent":0,"menu_order":0,"comment_status":"closed","ping_status":"closed","template":"template-fullwidth.php","meta":{"footnotes":""},"class_list":["post-38","page","type-page","status-publish","hentry"],"_links":{"self":[{"href":"https:\/\/sytec2025.crittm2a.com\/index.php?rest_route=\/wp\/v2\/pages\/38","targetHints":{"allow":["GET"]}}],"collection":[{"href":"https:\/\/sytec2025.crittm2a.com\/index.php?rest_route=\/wp\/v2\/pages"}],"about":[{"href":"https:\/\/sytec2025.crittm2a.com\/index.php?rest_route=\/wp\/v2\/types\/page"}],"author":[{"embeddable":true,"href":"https:\/\/sytec2025.crittm2a.com\/index.php?rest_route=\/wp\/v2\/users\/2"}],"replies":[{"embeddable":true,"href":"https:\/\/sytec2025.crittm2a.com\/index.php?rest_route=%2Fwp%2Fv2%2Fcomments&post=38"}],"version-history":[{"count":47,"href":"https:\/\/sytec2025.crittm2a.com\/index.php?rest_route=\/wp\/v2\/pages\/38\/revisions"}],"predecessor-version":[{"id":317,"href":"https:\/\/sytec2025.crittm2a.com\/index.php?rest_route=\/wp\/v2\/pages\/38\/revisions\/317"}],"wp:attachment":[{"href":"https:\/\/sytec2025.crittm2a.com\/index.php?rest_route=%2Fwp%2Fv2%2Fmedia&parent=38"}],"curies":[{"name":"wp","href":"https:\/\/api.w.org\/{rel}","templated":true}]}}